{"id":22,"date":"2022-02-27T10:24:04","date_gmt":"2022-02-27T09:24:04","guid":{"rendered":"https:\/\/musterseite-hosting.de\/wordpress\/?page_id=22"},"modified":"2024-04-01T10:41:28","modified_gmt":"2024-04-01T08:41:28","slug":"impressum","status":"publish","type":"page","link":"https:\/\/musterseite-hosting.de\/?page_id=22","title":{"rendered":"Impressum"},"content":{"rendered":"<p>[et_pb_section fb_built=&#8220;1&#8243; _builder_version=&#8220;4.6.5&#8243; _module_preset=&#8220;default&#8220; hover_enabled=&#8220;0&#8243; sticky_enabled=&#8220;0&#8243;][et_pb_row _builder_version=&#8220;4.6.5&#8243; _module_preset=&#8220;default&#8220; hover_enabled=&#8220;0&#8243; sticky_enabled=&#8220;0&#8243;][et_pb_column type=&#8220;4_4&#8243; _builder_version=&#8220;4.6.5&#8243; _module_preset=&#8220;default&#8220; hover_enabled=&#8220;0&#8243; sticky_enabled=&#8220;0&#8243;][et_pb_text _builder_version=&#8220;4.6.5&#8243; _module_preset=&#8220;default&#8220; custom_padding=&#8220;||10px||false|false&#8220; hover_enabled=&#8220;0&#8243; sticky_enabled=&#8220;0&#8243;]<\/p>\n<section class=\"elementor-section elementor-top-section elementor-element elementor-element-c0a02b8 elementor-section-boxed elementor-section-height-default elementor-section-height-default\" data-id=\"c0a02b8\" data-element_type=\"section\">\n<div class=\"elementor-container elementor-column-gap-default\">\n<div class=\"elementor-row\">\n<div class=\"elementor-column elementor-col-100 elementor-top-column elementor-element elementor-element-31ab3fd\" data-id=\"31ab3fd\" data-element_type=\"column\">\n<div class=\"elementor-column-wrap elementor-element-populated\">\n<div class=\"elementor-widget-wrap\">\n<div class=\"elementor-element elementor-element-3526d16 elementor-widget elementor-widget-text-editor\" data-id=\"3526d16\" data-element_type=\"widget\" data-widget_type=\"text-editor.default\">\n<div class=\"elementor-widget-container\">\n<div class=\"elementor-text-editor elementor-clearfix\">\n<p><span style=\"color: #000080;\"><strong><br \/> DVH-Fellinger GmbH<br \/> <\/strong>Mittelstra\u00dfe 7 \u2013 56414 Salz<\/span><br \/> <span style=\"color: #000080;\">Tel.: 0 64 35 \u2013 54 83 37<\/span><br \/> <span style=\"color: #000080;\">email: <a style=\"color: #000080;\" href=\"mailto:info@dvh-fellinger.de\" target=\"_blank\" rel=\"noopener noreferrer\">info@dvh-fellinger.de<\/a><\/span><\/p>\n<p><span style=\"color: #000080;\"><strong>Vertretungsberechtigter Gesch\u00e4ftsf\u00fchrer:<\/strong> <\/span><br \/> <span style=\"color: #000080;\">G\u00fcnther Fellinger <\/span><br \/> <span style=\"color: #000080;\">Eingetragen beim Amtsgericht Montabaur: <\/span><br \/> <span style=\"color: #000080;\">Handelsregister HRB 23977 <\/span><br \/> <span style=\"color: #000080;\">Umsatzsteuer ID: DE 293 704 755 <\/span><br \/> <span style=\"color: #000080;\">Verantwortlich nach \u00a7 10 Abs. 3 MDStV: G\u00fcnther Fellinger<\/span><\/p>\n<p><span style=\"color: #000080;\"><b>Bilder und Fotos:<\/b> DVH, Lab, Kunden, Pixabay und Pixelio<\/span><br \/> <span style=\"color: #000080;\"><br \/> <\/span><\/p>\n<p><span style=\"color: #000080;\"><strong>Ausschlusserkl\u00e4rung:<\/strong><\/span><br \/> <span style=\"color: #000080;\">F\u00fcr die Inhalte aller Links zu Partnerfirmen und deren Richtigkeit, Vollst\u00e4ndigkeit und Legalit\u00e4t tr\u00e4gt die DVH-Fellinger GmbH keine Verantwortung. <\/span><br \/> <span style=\"color: #000080;\">Dar\u00fcber hinaus weisen wir darauf hin, dass die kommerzielle Nutzung der verlinkten Inhalte <\/span><br \/> <span style=\"color: #000080;\">dem Copyright- und weiteren Schutzbestimmungen unterliegen kann. <\/span><br \/> <span style=\"color: #000080;\">Bei Zuwiderhandlung wird ohne Abmahnung der Rechtsweg gegangen.<\/span><\/p>\n<p>&nbsp;<\/p>\n<\/div>\n<\/div>\n<\/div>\n<\/div>\n<\/div>\n<\/div>\n<\/div>\n<\/div>\n<\/section>\n<p>[\/et_pb_text][\/et_pb_column][\/et_pb_row][\/et_pb_section]<\/p>\n","protected":false},"excerpt":{"rendered":"<p>[et_pb_section fb_built=&#8220;1&#8243; _builder_version=&#8220;4.6.5&#8243; _module_preset=&#8220;default&#8220; hover_enabled=&#8220;0&#8243; sticky_enabled=&#8220;0&#8243;][et_pb_row _builder_version=&#8220;4.6.5&#8243; _module_preset=&#8220;default&#8220; hover_enabled=&#8220;0&#8243; sticky_enabled=&#8220;0&#8243;][et_pb_column type=&#8220;4_4&#8243; _builder_version=&#8220;4.6.5&#8243; _module_preset=&#8220;default&#8220; hover_enabled=&#8220;0&#8243; sticky_enabled=&#8220;0&#8243;][et_pb_text _builder_version=&#8220;4.6.5&#8243; _module_preset=&#8220;default&#8220; custom_padding=&#8220;||10px||false|false&#8220; hover_enabled=&#8220;0&#8243; sticky_enabled=&#8220;0&#8243;] DVH-Fellinger GmbH Mittelstra\u00dfe 7 \u2013 56414 Salz Tel.: 0 64 35 \u2013 54 83 37 email: info@dvh-fellinger.de Vertretungsberechtigter Gesch\u00e4ftsf\u00fchrer: G\u00fcnther Fellinger Eingetragen beim Amtsgericht Montabaur: Handelsregister HRB 23977 Umsatzsteuer ID: DE 293 704 755 Verantwortlich [&hellip;]<\/p>\n","protected":false},"author":1,"featured_media":0,"parent":0,"menu_order":0,"comment_status":"closed","ping_status":"closed","template":"","meta":{"_et_pb_use_builder":"on","_et_pb_old_content":"","_et_gb_content_width":"","footnotes":""},"class_list":["post-22","page","type-page","status-publish","hentry"],"yoast_head":"<!-- This site is optimized with the Yoast SEO plugin v27.5 - https:\/\/yoast.com\/product\/yoast-seo-wordpress\/ -->\n<title>Impressum - Musterseite-Hosting - DVH-Fellinger GmbH<\/title>\n<meta name=\"robots\" content=\"index, follow, max-snippet:-1, max-image-preview:large, max-video-preview:-1\" \/>\n<link rel=\"canonical\" href=\"https:\/\/musterseite-hosting.de\/?page_id=22\" \/>\n<meta property=\"og:locale\" content=\"de_DE\" \/>\n<meta property=\"og:type\" content=\"article\" \/>\n<meta property=\"og:title\" content=\"Impressum - Musterseite-Hosting - DVH-Fellinger GmbH\" \/>\n<meta property=\"og:description\" content=\"[et_pb_section fb_built=&#8220;1&#8243; _builder_version=&#8220;4.6.5&#8243; _module_preset=&#8220;default&#8220; hover_enabled=&#8220;0&#8243; sticky_enabled=&#8220;0&#8243;][et_pb_row _builder_version=&#8220;4.6.5&#8243; _module_preset=&#8220;default&#8220; hover_enabled=&#8220;0&#8243; sticky_enabled=&#8220;0&#8243;][et_pb_column type=&#8220;4_4&#8243; _builder_version=&#8220;4.6.5&#8243; _module_preset=&#8220;default&#8220; hover_enabled=&#8220;0&#8243; sticky_enabled=&#8220;0&#8243;][et_pb_text _builder_version=&#8220;4.6.5&#8243; _module_preset=&#8220;default&#8220; custom_padding=&#8220;||10px||false|false&#8220; hover_enabled=&#8220;0&#8243; sticky_enabled=&#8220;0&#8243;] DVH-Fellinger GmbH Mittelstra\u00dfe 7 \u2013 56414 Salz Tel.: 0 64 35 \u2013 54 83 37 email: info@dvh-fellinger.de Vertretungsberechtigter Gesch\u00e4ftsf\u00fchrer: G\u00fcnther Fellinger Eingetragen beim Amtsgericht Montabaur: Handelsregister HRB 23977 Umsatzsteuer ID: DE 293 704 755 Verantwortlich [&hellip;]\" \/>\n<meta property=\"og:url\" content=\"https:\/\/musterseite-hosting.de\/?page_id=22\" \/>\n<meta property=\"og:site_name\" content=\"Musterseite-Hosting - DVH-Fellinger GmbH\" \/>\n<meta property=\"article:modified_time\" content=\"2024-04-01T08:41:28+00:00\" \/>\n<meta name=\"twitter:card\" content=\"summary_large_image\" \/>\n<script type=\"application\/ld+json\" class=\"yoast-schema-graph\">{\"@context\":\"https:\\\/\\\/schema.org\",\"@graph\":[{\"@type\":\"WebPage\",\"@id\":\"https:\\\/\\\/musterseite-hosting.de\\\/?page_id=22\",\"url\":\"https:\\\/\\\/musterseite-hosting.de\\\/?page_id=22\",\"name\":\"Impressum - Musterseite-Hosting - DVH-Fellinger GmbH\",\"isPartOf\":{\"@id\":\"https:\\\/\\\/musterseite-hosting.de\\\/#website\"},\"datePublished\":\"2022-02-27T09:24:04+00:00\",\"dateModified\":\"2024-04-01T08:41:28+00:00\",\"breadcrumb\":{\"@id\":\"https:\\\/\\\/musterseite-hosting.de\\\/?page_id=22#breadcrumb\"},\"inLanguage\":\"de\",\"potentialAction\":[{\"@type\":\"ReadAction\",\"target\":[\"https:\\\/\\\/musterseite-hosting.de\\\/?page_id=22\"]}]},{\"@type\":\"BreadcrumbList\",\"@id\":\"https:\\\/\\\/musterseite-hosting.de\\\/?page_id=22#breadcrumb\",\"itemListElement\":[{\"@type\":\"ListItem\",\"position\":1,\"name\":\"Startseite\",\"item\":\"https:\\\/\\\/musterseite-hosting.de\\\/\"},{\"@type\":\"ListItem\",\"position\":2,\"name\":\"Impressum\"}]},{\"@type\":\"WebSite\",\"@id\":\"https:\\\/\\\/musterseite-hosting.de\\\/#website\",\"url\":\"https:\\\/\\\/musterseite-hosting.de\\\/\",\"name\":\"Musterseite-Hosting - DVH-Fellinger GmbH\",\"description\":\"Ihre Seite f\u00fcr Webdesign\",\"publisher\":{\"@id\":\"https:\\\/\\\/musterseite-hosting.de\\\/#organization\"},\"potentialAction\":[{\"@type\":\"SearchAction\",\"target\":{\"@type\":\"EntryPoint\",\"urlTemplate\":\"https:\\\/\\\/musterseite-hosting.de\\\/?s={search_term_string}\"},\"query-input\":{\"@type\":\"PropertyValueSpecification\",\"valueRequired\":true,\"valueName\":\"search_term_string\"}}],\"inLanguage\":\"de\"},{\"@type\":\"Organization\",\"@id\":\"https:\\\/\\\/musterseite-hosting.de\\\/#organization\",\"name\":\"DVH-Fellinger GmbH\",\"url\":\"https:\\\/\\\/musterseite-hosting.de\\\/\",\"logo\":{\"@type\":\"ImageObject\",\"inLanguage\":\"de\",\"@id\":\"https:\\\/\\\/musterseite-hosting.de\\\/#\\\/schema\\\/logo\\\/image\\\/\",\"url\":\"https:\\\/\\\/musterseite-hosting.de\\\/wp-content\\\/uploads\\\/2022\\\/02\\\/dvh-logo.png\",\"contentUrl\":\"https:\\\/\\\/musterseite-hosting.de\\\/wp-content\\\/uploads\\\/2022\\\/02\\\/dvh-logo.png\",\"width\":150,\"height\":174,\"caption\":\"DVH-Fellinger GmbH\"},\"image\":{\"@id\":\"https:\\\/\\\/musterseite-hosting.de\\\/#\\\/schema\\\/logo\\\/image\\\/\"}}]}<\/script>\n<!-- \/ Yoast SEO plugin. -->","yoast_head_json":{"title":"Impressum - Musterseite-Hosting - DVH-Fellinger GmbH","robots":{"index":"index","follow":"follow","max-snippet":"max-snippet:-1","max-image-preview":"max-image-preview:large","max-video-preview":"max-video-preview:-1"},"canonical":"https:\/\/musterseite-hosting.de\/?page_id=22","og_locale":"de_DE","og_type":"article","og_title":"Impressum - Musterseite-Hosting - DVH-Fellinger GmbH","og_description":"[et_pb_section fb_built=&#8220;1&#8243; _builder_version=&#8220;4.6.5&#8243; _module_preset=&#8220;default&#8220; hover_enabled=&#8220;0&#8243; sticky_enabled=&#8220;0&#8243;][et_pb_row _builder_version=&#8220;4.6.5&#8243; _module_preset=&#8220;default&#8220; hover_enabled=&#8220;0&#8243; sticky_enabled=&#8220;0&#8243;][et_pb_column type=&#8220;4_4&#8243; _builder_version=&#8220;4.6.5&#8243; _module_preset=&#8220;default&#8220; hover_enabled=&#8220;0&#8243; sticky_enabled=&#8220;0&#8243;][et_pb_text _builder_version=&#8220;4.6.5&#8243; _module_preset=&#8220;default&#8220; custom_padding=&#8220;||10px||false|false&#8220; hover_enabled=&#8220;0&#8243; sticky_enabled=&#8220;0&#8243;] DVH-Fellinger GmbH Mittelstra\u00dfe 7 \u2013 56414 Salz Tel.: 0 64 35 \u2013 54 83 37 email: info@dvh-fellinger.de Vertretungsberechtigter Gesch\u00e4ftsf\u00fchrer: G\u00fcnther Fellinger Eingetragen beim Amtsgericht Montabaur: Handelsregister HRB 23977 Umsatzsteuer ID: DE 293 704 755 Verantwortlich [&hellip;]","og_url":"https:\/\/musterseite-hosting.de\/?page_id=22","og_site_name":"Musterseite-Hosting - DVH-Fellinger GmbH","article_modified_time":"2024-04-01T08:41:28+00:00","twitter_card":"summary_large_image","schema":{"@context":"https:\/\/schema.org","@graph":[{"@type":"WebPage","@id":"https:\/\/musterseite-hosting.de\/?page_id=22","url":"https:\/\/musterseite-hosting.de\/?page_id=22","name":"Impressum - Musterseite-Hosting - DVH-Fellinger GmbH","isPartOf":{"@id":"https:\/\/musterseite-hosting.de\/#website"},"datePublished":"2022-02-27T09:24:04+00:00","dateModified":"2024-04-01T08:41:28+00:00","breadcrumb":{"@id":"https:\/\/musterseite-hosting.de\/?page_id=22#breadcrumb"},"inLanguage":"de","potentialAction":[{"@type":"ReadAction","target":["https:\/\/musterseite-hosting.de\/?page_id=22"]}]},{"@type":"BreadcrumbList","@id":"https:\/\/musterseite-hosting.de\/?page_id=22#breadcrumb","itemListElement":[{"@type":"ListItem","position":1,"name":"Startseite","item":"https:\/\/musterseite-hosting.de\/"},{"@type":"ListItem","position":2,"name":"Impressum"}]},{"@type":"WebSite","@id":"https:\/\/musterseite-hosting.de\/#website","url":"https:\/\/musterseite-hosting.de\/","name":"Musterseite-Hosting - DVH-Fellinger GmbH","description":"Ihre Seite f\u00fcr Webdesign","publisher":{"@id":"https:\/\/musterseite-hosting.de\/#organization"},"potentialAction":[{"@type":"SearchAction","target":{"@type":"EntryPoint","urlTemplate":"https:\/\/musterseite-hosting.de\/?s={search_term_string}"},"query-input":{"@type":"PropertyValueSpecification","valueRequired":true,"valueName":"search_term_string"}}],"inLanguage":"de"},{"@type":"Organization","@id":"https:\/\/musterseite-hosting.de\/#organization","name":"DVH-Fellinger GmbH","url":"https:\/\/musterseite-hosting.de\/","logo":{"@type":"ImageObject","inLanguage":"de","@id":"https:\/\/musterseite-hosting.de\/#\/schema\/logo\/image\/","url":"https:\/\/musterseite-hosting.de\/wp-content\/uploads\/2022\/02\/dvh-logo.png","contentUrl":"https:\/\/musterseite-hosting.de\/wp-content\/uploads\/2022\/02\/dvh-logo.png","width":150,"height":174,"caption":"DVH-Fellinger GmbH"},"image":{"@id":"https:\/\/musterseite-hosting.de\/#\/schema\/logo\/image\/"}}]}},"_links":{"self":[{"href":"https:\/\/musterseite-hosting.de\/index.php?rest_route=\/wp\/v2\/pages\/22","targetHints":{"allow":["GET"]}}],"collection":[{"href":"https:\/\/musterseite-hosting.de\/index.php?rest_route=\/wp\/v2\/pages"}],"about":[{"href":"https:\/\/musterseite-hosting.de\/index.php?rest_route=\/wp\/v2\/types\/page"}],"author":[{"embeddable":true,"href":"https:\/\/musterseite-hosting.de\/index.php?rest_route=\/wp\/v2\/users\/1"}],"replies":[{"embeddable":true,"href":"https:\/\/musterseite-hosting.de\/index.php?rest_route=%2Fwp%2Fv2%2Fcomments&post=22"}],"version-history":[{"count":13,"href":"https:\/\/musterseite-hosting.de\/index.php?rest_route=\/wp\/v2\/pages\/22\/revisions"}],"predecessor-version":[{"id":431,"href":"https:\/\/musterseite-hosting.de\/index.php?rest_route=\/wp\/v2\/pages\/22\/revisions\/431"}],"wp:attachment":[{"href":"https:\/\/musterseite-hosting.de\/index.php?rest_route=%2Fwp%2Fv2%2Fmedia&parent=22"}],"curies":[{"name":"wp","href":"https:\/\/api.w.org\/{rel}","templated":true}]}}